{"id":5,"date":"2021-04-29T15:27:31","date_gmt":"2021-04-29T13:27:31","guid":{"rendered":"https:\/\/www.hcms.it\/new_hcms.it\/?page_id=5"},"modified":"2026-01-27T18:38:18","modified_gmt":"2026-01-27T17:38:18","slug":"pie-de-pagina-2","status":"publish","type":"page","link":"https:\/\/www.hcms.it\/es\/pie-de-pagina-2\/","title":{"rendered":"Pie de p\u00e1gina"},"content":{"rendered":"<div class=\"wp-block-group sezione-nascosta footer_demo\"><div class=\"wp-block-group__inner-container is-layout-flow wp-block-group-is-layout-flow\">\n<div class=\"wp-block-columns is-layout-flex wp-container-core-columns-is-layout-9d6595d7 wp-block-columns-is-layout-flex\">\n<div class=\"wp-block-column is-layout-flow wp-block-column-is-layout-flow\">\n<figure class=\"wp-block-image size-full\"><img decoding=\"async\" width=\"900\" height=\"582\" src=\"https:\/\/www.hcms.it\/\/wp-content\/uploads\/2021\/09\/HCMS_Immagine-pre-footer.jpg\" alt=\"\" class=\"wp-image-1655\" srcset=\"https:\/\/www.hcms.it\/wp-content\/uploads\/2021\/09\/HCMS_Immagine-pre-footer.jpg 900w, https:\/\/www.hcms.it\/wp-content\/uploads\/2021\/09\/HCMS_Immagine-pre-footer-300x194.jpg 300w, https:\/\/www.hcms.it\/wp-content\/uploads\/2021\/09\/HCMS_Immagine-pre-footer-768x497.jpg 768w, https:\/\/www.hcms.it\/wp-content\/uploads\/2021\/09\/HCMS_Immagine-pre-footer-18x12.jpg 18w\" sizes=\"(max-width: 900px) 100vw, 900px\" \/><\/figure>\n<\/div>\n\n\n\n<div class=\"wp-block-column is-layout-flow wp-block-column-is-layout-flow\">\n<div class=\"wp-block-group\"><div class=\"wp-block-group__inner-container is-layout-flow wp-block-group-is-layout-flow\">\n<h4 class=\"wp-block-heading\">Pruebe ahora nuestra DEMO<\/h4>\n\n\n\n<p class=\"piccolo translation-block\">Concierte una demostraci\u00f3n interactiva con nuestros asesores para obtener m\u00e1s informaci\u00f3n sobre HCMS.<\/p>\n\n\n\n<p class=\"link_footer_demo\"><a href=\"https:\/\/www.hcms.it\/new_hcms.it\/index.php\/contatti#contatti\" data-type=\"page\" target=\"_blank\" rel=\"noreferrer noopener\">empezar ahora<\/a><\/p>\n<\/div><\/div>\n<\/div>\n<\/div>\n<\/div><\/div>\n\n\n\n<div class=\"wp-block-group footer_nav blocco_medio sezione-nascosta\"><div class=\"wp-block-group__inner-container is-layout-flow wp-block-group-is-layout-flow\">\n<div class=\"wp-block-columns is-layout-flex wp-container-core-columns-is-layout-9d6595d7 wp-block-columns-is-layout-flex\">\n<div class=\"wp-block-column is-layout-flow wp-block-column-is-layout-flow\">\n<figure class=\"wp-block-image size-large\"><img decoding=\"async\" src=\"https:\/\/www.hcms.it\/\/wp-content\/themes\/hcms\/assets\/alveria_logo.svg\" alt=\"\"\/><\/figure>\n<\/div>\n\n\n\n<div class=\"wp-block-column is-layout-flow wp-block-column-is-layout-flow\">\n<p><strong>M\u00f3dulos HCMS<\/strong><\/p>\n\n\n\n<p><a href=\"https:\/\/www.hcms.it\/new_hcms.it\/index.php\/employee-advanced-book\/\" data-type=\"page\" data-id=\"38\">Employee Advanced Book<\/a><\/p>\n\n\n\n<p><a href=\"https:\/\/www.hcms.it\/new_hcms.it\/index.php\/hr-dashboard\/\" data-type=\"page\" data-id=\"13\">HR Dashboard<\/a><\/p>\n\n\n\n<p><a href=\"https:\/\/www.hcms.it\/new_hcms.it\/index.php\/hr-query-reporting-engine\/\" data-type=\"page\" data-id=\"40\">HR Query Reporting Engine<\/a><\/p>\n\n\n\n<p><a href=\"https:\/\/www.hcms.it\/new_hcms.it\/index.php\/org-view\/\" data-type=\"page\" data-id=\"42\">Org View<\/a><\/p>\n\n\n\n<p><a href=\"https:\/\/www.hcms.it\/es\/dynamic-doc\/\">Dynamic Doc<\/a><\/p>\n\n\n\n<p><a href=\"https:\/\/www.hcms.it\/new_hcms.it\/index.php\/competency-framework\/\" data-type=\"page\" data-id=\"46\">Competency Framework<\/a><\/p>\n\n\n\n<p><a href=\"https:\/\/www.hcms.it\/new_hcms.it\/index.php\/performance-management\/\" data-type=\"page\" data-id=\"48\">Performance Management<\/a><\/p>\n\n\n\n<p><a href=\"https:\/\/www.hcms.it\/new_hcms.it\/index.php\/mbo\/\" data-type=\"page\" data-id=\"50\">MBO<\/a><\/p>\n<\/div>\n\n\n\n<div class=\"wp-block-column is-layout-flow wp-block-column-is-layout-flow\">\n<p><a href=\"http:\/\/Skill Assessment\">Evaluaci\u00f3n de Competencias<\/a><\/p>\n\n\n\n<p><a href=\"https:\/\/www.hcms.it\/new_hcms.it\/index.php\/sales-incentives-management\/\" data-type=\"page\" data-id=\"54\">Sales Incentives Management<\/a><\/p>\n\n\n\n<p><a href=\"https:\/\/www.hcms.it\/new_hcms.it\/index.php\/e-recruiting\/\" data-type=\"page\" data-id=\"56\">E-Recruiting<\/a><\/p>\n\n\n\n<p><a href=\"https:\/\/www.hcms.it\/new_hcms.it\/index.php\/i-recruiting\/\" data-type=\"page\" data-id=\"58\">I-Recruiting<\/a><\/p>\n\n\n\n<p><a href=\"https:\/\/www.hcms.it\/new_hcms.it\/index.php\/training-management-system\/\" data-type=\"page\" data-id=\"60\">Training Management System<\/a><\/p>\n\n\n\n<p><a href=\"https:\/\/www.hcms.it\/new_hcms.it\/index.php\/career-planning\/\" data-type=\"page\" data-id=\"62\">Career Planning<\/a><\/p>\n\n\n\n<p><a href=\"https:\/\/www.hcms.it\/new_hcms.it\/index.php\/succession-planning\/\" data-type=\"page\" data-id=\"64\">Succession Planning<\/a><\/p>\n<\/div>\n\n\n\n<div class=\"wp-block-column is-layout-flow wp-block-column-is-layout-flow\">\n<p><strong>Empresa<\/strong><\/p>\n\n\n\n<p><a href=\"https:\/\/www.hcms.it\/new_hcms.it\/index.php\/azienda\/\" data-type=\"page\">Visi\u00f3n general<\/a><\/p>\n\n\n\n<p><a href=\"https:\/\/www.hcms.it\/new_hcms.it\/index.php\/customer-experience\/\" data-type=\"page\" data-id=\"15\">Experiencia del cliente<\/a><\/p>\n\n\n\n<p><a href=\"https:\/\/www.hcms.it\/new_hcms.it\/en\/index.php\/partner-program\/\/\" data-type=\"page\">Programa de socios<\/a><\/p>\n\n\n\n<p><a href=\"https:\/\/www.hcms.it\/new_hcms.it\/index.php\/perche-noi\/\" data-type=\"page\" data-id=\"393\">Porque nosotros<\/a><\/p>\n\n\n\n<p><a href=\"https:\/\/www.hcms.it\/new_hcms.it\/index.php\/contatti\/\" data-type=\"page\" data-id=\"19\">P\u00f3ngase en contacto con<\/a><\/p>\n\n\n\n<figure class=\"wp-block-image size-large\"><a href=\"https:\/\/www.linkedin.com\/company\/alveria\/\" target=\"_blank\" rel=\"noopener\"><img decoding=\"async\" src=\"https:\/\/www.hcms.it\/\/wp-content\/themes\/hcms\/assets\/linkedin.svg\" alt=\"\"\/><\/a><\/figure>\n<\/div>\n<\/div>\n<\/div><\/div>\n\n\n\n<div class=\"wp-block-group sezione-nascosta\"><div class=\"wp-block-group__inner-container is-layout-flow wp-block-group-is-layout-flow\">\n<div class=\"wp-block-columns wrap-max-width is-layout-flex wp-container-core-columns-is-layout-9d6595d7 wp-block-columns-is-layout-flex\">\n<div class=\"wp-block-column is-layout-flow wp-block-column-is-layout-flow\"><\/div>\n\n\n\n<div class=\"wp-block-column is-layout-flow wp-block-column-is-layout-flow\">\n<p><a href=\"https:\/\/www.iubenda.com\/privacy-policy\/88582912\" target=\"_blank\" rel=\"noopener\" title=\"\">Pol\u00edtica de privacidad<\/a> <a href=\"https:\/\/www.iubenda.com\/privacy-policy\/88582912\/cookie-policy\" target=\"_blank\" rel=\"noopener\" title=\"\">Pol\u00edtica de cookies<\/a> <a href=\"https:\/\/www.iubenda.com\/terms-and-conditions\/88582912\" target=\"_blank\" rel=\"noopener\" title=\"\">Condiciones generales<\/a> <a href=\"https:\/\/www.hcms.it\/es\/new_hcms.it\/politica-di-sicurezza-salute-dei-luoghi-di-lavoro\/\" title=\"\">Pol\u00edtica de seguridad<\/a> <a href=\"https:\/\/www.hcms.it\/es\/new_hcms.it\/politica-medioambiental\/\" title=\"Pol\u00edtica medioambiental\">Pol\u00edtica medioambiental<\/a><\/p>\n<\/div>\n<\/div>\n<\/div><\/div>\n\n\n\n\n\n<div class=\"wp-block-group footer-new\"><div class=\"wp-block-group__inner-container is-layout-flow wp-block-group-is-layout-flow\">\n<div class=\"wp-block-columns wrap-max-width is-layout-flex wp-container-core-columns-is-layout-9d6595d7 wp-block-columns-is-layout-flex\">\n<div class=\"wp-block-column is-layout-flow wp-block-column-is-layout-flow\">\n<figure class=\"wp-block-image size-full\" id=\"logo-footer\"><img decoding=\"async\" width=\"260\" height=\"58\" src=\"https:\/\/www.hcms.it\/\/wp-content\/uploads\/2023\/11\/logo_alveria_bianco.png\" alt=\"\" class=\"wp-image-3394\" srcset=\"https:\/\/www.hcms.it\/wp-content\/uploads\/2023\/11\/logo_alveria_bianco.png 260w, https:\/\/www.hcms.it\/wp-content\/uploads\/2023\/11\/logo_alveria_bianco-18x4.png 18w\" sizes=\"(max-width: 260px) 100vw, 260px\" \/><\/figure>\n\n\n\n<div style=\"height:40px\" aria-hidden=\"true\" class=\"wp-block-spacer\"><\/div>\n\n\n\n<p>De la consultor\u00eda a la digitalizaci\u00f3n de RRHH de su empresa.<\/p>\n\n\n\n<div style=\"height:40px\" aria-hidden=\"true\" class=\"wp-block-spacer\"><\/div>\n\n\n\n<p>Descubra el m\u00e9todo Alveria y prep\u00e1rese para el cambio.<\/p>\n\n\n\n<div style=\"height:40px\" aria-hidden=\"true\" class=\"wp-block-spacer\"><\/div>\n\n\n\n<div class=\"wp-block-buttons is-layout-flex wp-block-buttons-is-layout-flex\">\n<div class=\"wp-block-button has-custom-width wp-block-button__width-75 is-style-fill\"><a class=\"wp-block-button__link has-background has-small-font-size has-custom-font-size wp-element-button\" href=\"https:\/\/www.alveria.it\/chi-siamo\/\" style=\"background-color:#f59e40\" target=\"_blank\" rel=\"noopener\">DESCUBRA M\u00c1S<\/a><\/div>\n<\/div>\n<\/div>\n\n\n\n<div class=\"wp-block-column is-layout-flow wp-block-column-is-layout-flow\">\n<p class=\"has-text-align-left\"><strong>ENLACES DE NAVEGACI\u00d3N<\/strong><\/p>\n\n\n\n<div style=\"height:40px\" aria-hidden=\"true\" class=\"wp-block-spacer\"><\/div>\n\n\n\n<ul class=\"wp-block-list\">\n<li><a href=\"\/es\/quienes-somos\/\">&gt; SOBRE NOSOTROS<\/a><\/li>\n\n\n\n<li><a href=\"\/es\/las-ventajas\/\">&gt; LAS VENTAJAS<\/a><\/li>\n\n\n\n<li><a href=\"\/es\/experiencia-del-cliente\/\">&gt; EXPERIENCIA DEL CLIENTE<\/a><\/li>\n\n\n\n<li><a href=\"\/es\/contactos\/\">&gt; CONTACTOS<\/a><\/li>\n\n\n\n<li><a href=\"https:\/\/www.alveria.it\/\">&gt; ALVERIA.IT<\/a><\/li>\n\n\n\n<li><a href=\"https:\/\/www.iubenda.com\/privacy-policy\/88582912\" class=\"iubenda-white iubenda-noiframe iubenda-embed\" title=\"Pol\u00edtica de privacidad \">&gt; POL\u00cdTICA DE PRIVACIDAD<\/a><\/li>\n\n\n\n<li><a href=\"https:\/\/www.iubenda.com\/privacy-policy\/88582912\/cookie-policy\" class=\"iubenda-white iubenda-noiframe iubenda-embed\" title=\"Pol\u00edtica de cookies \">&gt; POL\u00cdTICA DE COOKIES<\/a><\/li>\n\n\n\n<li><a href=\"https:\/\/www.iubenda.com\/terms-and-conditions\/88582912\">&gt; CONDICIONES GENERALES<\/a><\/li>\n\n\n\n<li class=\"display-flex gap-3\"><a href=\"\/es\/politica-integrada-de-seguridad-y-medio-ambiente\/\">&gt;<\/a><a href=\"\/es\/politica-integrada-de-seguridad-y-medio-ambiente\/\">POL\u00cdTICA INTEGRADA DE SEGURIDAD Y MEDIO AMBIENTE<\/a><\/li>\n<\/ul>\n<\/div>\n\n\n\n<div class=\"wp-block-column is-layout-flow wp-block-column-is-layout-flow\">\n<p><strong>M\u00d3DULOS HCMS<\/strong><\/p>\n\n\n\n<div style=\"height:40px\" aria-hidden=\"true\" class=\"wp-block-spacer\"><\/div>\n\n\n\n<ul class=\"wp-block-list\">\n<li><a href=\"\/es\/aplazamiento-de-la-remuneracion-variable\/\">&gt; DEFERRAL OF VARIABLE REMUNERATION<\/a><\/li>\n\n\n\n<li><a href=\"\/es\/employee-advanced-book\/\">&gt; EMPLOYEE LIBRO AVANZADO<\/a><\/li>\n\n\n\n<li><a href=\"\/es\/hr-dashboard\/\">&gt; SALPICADERO HR<\/a><\/li>\n\n\n\n<li><a href=\"https:\/\/www.hcms.it\/es\/hr-query-report-engine\/\">&gt; MOTOR DE INFORMES DE CONSULTA HR<\/a><\/li>\n\n\n\n<li><a href=\"https:\/\/www.hcms.it\/es\/org-view\/\">&gt; ORG VIEW<\/a><\/li>\n\n\n\n<li><a href=\"https:\/\/www.hcms.it\/es\/dynamic-doc\/\">&gt; DOC DIN\u00c1MICO<\/a><\/li>\n\n\n\n<li><a href=\"\/es\/competency-framework\/\">&gt; MARCO DE COMPETENCIAS<\/a><\/li>\n\n\n\n<li><a href=\"\/es\/performance-management\/\">&gt; GESTI\u00d3N DEL RENDIMIENTO<\/a><\/li>\n\n\n\n<li><a href=\"\/es\/mbo\/\">&gt; MBO<\/a><\/li>\n\n\n\n<li><a href=\"https:\/\/www.hcms.it\/es\/mbo-simulator\/\">&gt; SIMULADOR MBO<\/a><\/li>\n\n\n\n<li><a href=\"https:\/\/www.hcms.it\/es\/skill-assessment\/\">&gt; EVALUACI\u00d3N DE COMPETENCIAS<\/a><\/li>\n\n\n\n<li><a href=\"\/es\/sales-incentives-management\/\">&gt; GESTI\u00d3N DE INCENTIVOS DE VENTAS<\/a><\/li>\n\n\n\n<li><a href=\"\/es\/e-recruiting\/\">&gt; E-RECRUTING<\/a><\/li>\n\n\n\n<li><a href=\"\/es\/training-management-system\/\">&gt; SISTEMA DE GESTI\u00d3N DE LA FORMACI\u00d3N<\/a><\/li>\n\n\n\n<li><a href=\"\/es\/career-planning\/\">&gt; PLANIFICACI\u00d3N PROFESIONAL<\/a><\/li>\n\n\n\n<li><a href=\"\/es\/succession-planning\/\">&gt; PLANIFICACI\u00d3N DE LA SUCESI\u00d3N<\/a><\/li>\n\n\n\n<li><a href=\"\/es\/hrbp-tools\/\">&gt; HERRAMIENTAS HRBP<\/a><\/li>\n<\/ul>\n<\/div>\n\n\n\n<div class=\"wp-block-column is-layout-flow wp-block-column-is-layout-flow\">\n<p><strong>CONTACTOS<\/strong><\/p>\n\n\n\n<div style=\"height:40px\" aria-hidden=\"true\" class=\"wp-block-spacer\"><\/div>\n\n\n\n<div style=\"display: flex; align-items: baseline;    gap: 10px;\">\n<div><i style=\"font-size: 15px;\"class=\"fa-solid fa-location-dot\"><\/i><\/div> <div><p>SEDE CENTRAL:<\/p><\/div>\n<\/div>\n\n\n\n<p style=\"line-height: 16px; margin-left: 22px;\">Via Emanuele Gianturco, 4<br>\nRoma, 00196 - RM<\/p>\n\n\n\n<div style=\"padding-top: 10px; display: flex; align-items: baseline;    gap: 7px;\">\n<div><i style=\"font-size: 15px;\" class=\"fa-solid fa-phone\"><\/i><\/div> <div><a style=\"text-wrap: nowrap\" href=\"tel:+390694359406\">+39 06 94 35 94 06<\/a><\/div>\n<\/div>\n\n\n\n<div style=\"padding-top: 13px; display: flex; align-items: baseline;    gap: 7px;\">\n<div><i style=\"font-size: 15px;\" class=\"fa-regular fa-envelope\"><\/i><\/div> <div><a href=\"mailto:info@alveria.it\">info@alveria.it<\/a><\/div>\n<\/div>\n\n\n\n<div style=\"padding-top: 13px;  display: flex; align-items: baseline;    gap: 7px;\"><div><i  style=\"font-size: 15px;\" class=\"fa-regular fa-clock\"><\/i><\/div><div><p>LUNES - VIERNES: 09:00 - 18:00<\/p><\/div><\/div>\n\n\n\n<div style=\"height:20px\" aria-hidden=\"true\" class=\"wp-block-spacer\"><\/div>\n\n\n\n<a href=\"https:\/\/www.linkedin.com\/company\/alveria\/mycompany\/\" target=\"_blank\" rel=\"noopener\"><div style=\"display: flex; align-items: baseline;    gap: 8px; \">\n<div><i style=\"font-size: 16px;\" class=\"fa-brands fa-linkedin-in\"><\/i><\/div><div><p>S\u00cdGANOS TAMBI\u00c9N EN LINKEDIN<\/p><\/div><\/div><\/a>\n<\/div>\n\n\n\n<div class=\"wp-block-column is-layout-flow wp-block-column-is-layout-flow\">\n<p><strong>CERIFICACIONES<\/strong><\/p>\n\n\n\n<div style=\"height:40px\" aria-hidden=\"true\" class=\"wp-block-spacer\"><\/div>\n\n\n\n<div style=\"display: flex; gap: 22px;    padding-bottom: 10px;\">\n\n<img decoding=\"async\" style=\"width: 80px\" src=\"\/wp-content\/uploads\/2023\/11\/IMQ-2028.png\">\n\n<img decoding=\"async\" style=\"width: 90px\" src=\"\/wp-content\/uploads\/2023\/11\/IQNET.png\">\n<\/div>\n<div style=\"margin-top: 6px;\">\n<img decoding=\"async\" style=\"width: 120px\" src=\"\/wp-content\/uploads\/2023\/11\/SMC-2.png\"><\/div>\n\n<div style=\"display: flex; gap: 18px\"><img decoding=\"async\" style=\"width: 100px; margin-top: 16px\" src=\"\/wp-content\/uploads\/2024\/04\/marchio-addizionale-IQNET-mono.png\">\n<img decoding=\"async\" alt=\"\" style=\"height: 86px; width: auto; padding-top: 18px\" src=\"\/wp-content\/uploads\/2024\/11\/Logo_Synesgy_TM-bianco.png\"><\/div>\n<\/div>\n<\/div>\n<\/div><\/div>\n\n\n\n<div class=\"wp-block-columns copyright-new has-background is-layout-flex wp-container-core-columns-is-layout-9d6595d7 wp-block-columns-is-layout-flex\" style=\"background-color:#f59e40\">\n<div class=\"wp-block-column is-layout-flow wp-block-column-is-layout-flow\">\n<p class=\"has-text-align-center has-white-color has-text-color has-link-color\" style=\"font-size:14px\">COPYRIGHT \u00a9 2025 ALVERIA SRL - P.IVA 07205310969 - REA: RM1303654 - TODOS LOS DERECHOS RESERVADOS<\/p>\n<\/div>\n<\/div>\n\n\n\n<p><\/p>","protected":false},"excerpt":{"rendered":"<p>Prova ora la nostra DEMO Siamo qui per aiutarti!Pianifica con i nostri consulenti una demo interattiva per scoprire di pi\u00f9 su HCMS. inizia ora HCMS Moduli Employee Advanced Book HR Dashboard HR Query Reporting Engine Org View Dynamic Doc Competency Framework Performance Management MBO Skill Assessment Sales Incentives Management E-Recruiting I-Recruiting Training Management System Career [&hellip;]<\/p>\n","protected":false},"author":1,"featured_media":0,"parent":0,"menu_order":0,"comment_status":"closed","ping_status":"closed","template":"","meta":{"inline_featured_image":false,"iawp_total_views":5,"footnotes":""},"categories":[],"class_list":["post-5","page","type-page","status-publish","hentry"],"yoast_head":"<!-- This site is optimized with the Yoast SEO plugin v24.2 - https:\/\/yoast.com\/wordpress\/plugins\/seo\/ -->\n<title>Footer - Human Capital Management System (HCMS) | Alveria<\/title>\n<meta name=\"description\" content=\"Prova ora la nostra DEMO Siamo qui per aiutarti!Pianifica con i nostri consulenti una demo interattiva per scoprire di pi\u00f9 su HCMS. inizia ora HCMS Moduli\" \/>\n<meta name=\"robots\" content=\"index, follow, max-snippet:-1, max-image-preview:large, max-video-preview:-1\" \/>\n<link rel=\"canonical\" href=\"https:\/\/www.hcms.it\/es\/pie-de-pagina-2\/\" \/>\n<meta property=\"og:locale\" content=\"es_ES\" \/>\n<meta property=\"og:type\" content=\"article\" \/>\n<meta property=\"og:title\" content=\"Footer - Human Capital Management System (HCMS) | Alveria\" \/>\n<meta property=\"og:description\" content=\"Prova ora la nostra DEMO Siamo qui per aiutarti!Pianifica con i nostri consulenti una demo interattiva per scoprire di pi\u00f9 su HCMS. inizia ora HCMS Moduli\" \/>\n<meta property=\"og:url\" content=\"https:\/\/www.hcms.it\/es\/pie-de-pagina-2\/\" \/>\n<meta property=\"og:site_name\" content=\"Human Capital Management System (HCMS) | Alveria\" \/>\n<meta property=\"article:modified_time\" content=\"2026-01-27T17:38:18+00:00\" \/>\n<meta property=\"og:image\" content=\"https:\/\/www.hcms.it\/wp-content\/uploads\/2021\/09\/HCMS_Immagine-pre-footer.jpg\" \/>\n\t<meta property=\"og:image:width\" content=\"900\" \/>\n\t<meta property=\"og:image:height\" content=\"582\" \/>\n\t<meta property=\"og:image:type\" content=\"image\/jpeg\" \/>\n<meta name=\"twitter:card\" content=\"summary_large_image\" \/>\n<meta name=\"twitter:label1\" content=\"Tiempo de lectura\" \/>\n\t<meta name=\"twitter:data1\" content=\"6 minutos\" \/>\n<script type=\"application\/ld+json\" class=\"yoast-schema-graph\">{\"@context\":\"https:\/\/schema.org\",\"@graph\":[{\"@type\":\"WebPage\",\"@id\":\"https:\/\/www.hcms.it\/footer-2\/\",\"url\":\"https:\/\/www.hcms.it\/footer-2\/\",\"name\":\"Footer - Human Capital Management System (HCMS) | Alveria\",\"isPartOf\":{\"@id\":\"https:\/\/www.hcms.it\/#website\"},\"primaryImageOfPage\":{\"@id\":\"https:\/\/www.hcms.it\/footer-2\/#primaryimage\"},\"image\":{\"@id\":\"https:\/\/www.hcms.it\/footer-2\/#primaryimage\"},\"thumbnailUrl\":\"https:\/\/www.hcms.it\/\/wp-content\/uploads\/2021\/09\/HCMS_Immagine-pre-footer.jpg\",\"datePublished\":\"2021-04-29T13:27:31+00:00\",\"dateModified\":\"2026-01-27T17:38:18+00:00\",\"description\":\"Prova ora la nostra DEMO Siamo qui per aiutarti!Pianifica con i nostri consulenti una demo interattiva per scoprire di pi\u00f9 su HCMS. inizia ora HCMS Moduli\",\"breadcrumb\":{\"@id\":\"https:\/\/www.hcms.it\/footer-2\/#breadcrumb\"},\"inLanguage\":\"es\",\"potentialAction\":[{\"@type\":\"ReadAction\",\"target\":[\"https:\/\/www.hcms.it\/footer-2\/\"]}]},{\"@type\":\"ImageObject\",\"inLanguage\":\"es\",\"@id\":\"https:\/\/www.hcms.it\/footer-2\/#primaryimage\",\"url\":\"https:\/\/www.hcms.it\/\/wp-content\/uploads\/2021\/09\/HCMS_Immagine-pre-footer.jpg\",\"contentUrl\":\"https:\/\/www.hcms.it\/\/wp-content\/uploads\/2021\/09\/HCMS_Immagine-pre-footer.jpg\"},{\"@type\":\"BreadcrumbList\",\"@id\":\"https:\/\/www.hcms.it\/footer-2\/#breadcrumb\",\"itemListElement\":[{\"@type\":\"ListItem\",\"position\":1,\"name\":\"Home\",\"item\":\"https:\/\/www.hcms.it\/\"},{\"@type\":\"ListItem\",\"position\":2,\"name\":\"Footer\"}]},{\"@type\":\"WebSite\",\"@id\":\"https:\/\/www.hcms.it\/#website\",\"url\":\"https:\/\/www.hcms.it\/\",\"name\":\"Human Capital Management System (HCMS) | Alveria\",\"description\":\"Scopri come HCMS supporta le aziende nella Digital Transformation con strumenti avanzati relativi a Core HR &amp; Analytics, Comp &amp; Ben, Talent, Recruiting e Learning.\",\"potentialAction\":[{\"@type\":\"SearchAction\",\"target\":{\"@type\":\"EntryPoint\",\"urlTemplate\":\"https:\/\/www.hcms.it\/?s={search_term_string}\"},\"query-input\":{\"@type\":\"PropertyValueSpecification\",\"valueRequired\":true,\"valueName\":\"search_term_string\"}}],\"inLanguage\":\"es\"}]}<\/script>\n<!-- \/ Yoast SEO plugin. -->","yoast_head_json":{"title":"Pie de p\u00e1gina - Human Capital Management System (HCMS) | Alveria","description":"Pruebe ahora nuestra DEMO Estamos aqu\u00ed para ayudarle Programe una demostraci\u00f3n interactiva con nuestros consultores para obtener m\u00e1s informaci\u00f3n sobre HCMS. empezar ahora M\u00f3dulos HCMS","robots":{"index":"index","follow":"follow","max-snippet":"max-snippet:-1","max-image-preview":"max-image-preview:large","max-video-preview":"max-video-preview:-1"},"canonical":"https:\/\/www.hcms.it\/es\/pie-de-pagina-2\/","og_locale":"es_ES","og_type":"article","og_title":"Footer - Human Capital Management System (HCMS) | Alveria","og_description":"Prova ora la nostra DEMO Siamo qui per aiutarti!Pianifica con i nostri consulenti una demo interattiva per scoprire di pi\u00f9 su HCMS. inizia ora HCMS Moduli","og_url":"https:\/\/www.hcms.it\/es\/pie-de-pagina-2\/","og_site_name":"Human Capital Management System (HCMS) | Alveria","article_modified_time":"2026-01-27T17:38:18+00:00","og_image":[{"width":900,"height":582,"url":"https:\/\/www.hcms.it\/wp-content\/uploads\/2021\/09\/HCMS_Immagine-pre-footer.jpg","type":"image\/jpeg"}],"twitter_card":"summary_large_image","twitter_misc":{"Tiempo de lectura":"6 minutos"},"schema":{"@context":"https:\/\/schema.org","@graph":[{"@type":"WebPage","@id":"https:\/\/www.hcms.it\/footer-2\/","url":"https:\/\/www.hcms.it\/footer-2\/","name":"Pie de p\u00e1gina - Human Capital Management System (HCMS) | Alveria","isPartOf":{"@id":"https:\/\/www.hcms.it\/#website"},"primaryImageOfPage":{"@id":"https:\/\/www.hcms.it\/footer-2\/#primaryimage"},"image":{"@id":"https:\/\/www.hcms.it\/footer-2\/#primaryimage"},"thumbnailUrl":"https:\/\/www.hcms.it\/\/wp-content\/uploads\/2021\/09\/HCMS_Immagine-pre-footer.jpg","datePublished":"2021-04-29T13:27:31+00:00","dateModified":"2026-01-27T17:38:18+00:00","description":"Pruebe ahora nuestra DEMO Estamos aqu\u00ed para ayudarle Programe una demostraci\u00f3n interactiva con nuestros consultores para obtener m\u00e1s informaci\u00f3n sobre HCMS. empezar ahora M\u00f3dulos HCMS","breadcrumb":{"@id":"https:\/\/www.hcms.it\/footer-2\/#breadcrumb"},"inLanguage":"es","potentialAction":[{"@type":"ReadAction","target":["https:\/\/www.hcms.it\/footer-2\/"]}]},{"@type":"ImageObject","inLanguage":"es","@id":"https:\/\/www.hcms.it\/footer-2\/#primaryimage","url":"https:\/\/www.hcms.it\/\/wp-content\/uploads\/2021\/09\/HCMS_Immagine-pre-footer.jpg","contentUrl":"https:\/\/www.hcms.it\/\/wp-content\/uploads\/2021\/09\/HCMS_Immagine-pre-footer.jpg"},{"@type":"BreadcrumbList","@id":"https:\/\/www.hcms.it\/footer-2\/#breadcrumb","itemListElement":[{"@type":"ListItem","position":1,"name":"Home","item":"https:\/\/www.hcms.it\/"},{"@type":"ListItem","position":2,"name":"Footer"}]},{"@type":"WebSite","@id":"https:\/\/www.hcms.it\/#website","url":"https:\/\/www.hcms.it\/","name":"Human Capital Management System (HCMS) | Alveria","description":"Descubra c\u00f3mo HCMS apoya a las empresas en la Transformaci\u00f3n Digital con herramientas avanzadas relacionadas con Core HR &amp; Analytics, Comp &amp; Ben, Talent, Recruiting y Learning.","potentialAction":[{"@type":"SearchAction","target":{"@type":"EntryPoint","urlTemplate":"https:\/\/www.hcms.it\/?s={search_term_string}"},"query-input":{"@type":"PropertyValueSpecification","valueRequired":true,"valueName":"search_term_string"}}],"inLanguage":"es"}]}},"_links":{"self":[{"href":"https:\/\/www.hcms.it\/es\/wp-json\/wp\/v2\/pages\/5","targetHints":{"allow":["GET"]}}],"collection":[{"href":"https:\/\/www.hcms.it\/es\/wp-json\/wp\/v2\/pages"}],"about":[{"href":"https:\/\/www.hcms.it\/es\/wp-json\/wp\/v2\/types\/page"}],"author":[{"embeddable":true,"href":"https:\/\/www.hcms.it\/es\/wp-json\/wp\/v2\/users\/1"}],"replies":[{"embeddable":true,"href":"https:\/\/www.hcms.it\/es\/wp-json\/wp\/v2\/comments?post=5"}],"version-history":[{"count":215,"href":"https:\/\/www.hcms.it\/es\/wp-json\/wp\/v2\/pages\/5\/revisions"}],"predecessor-version":[{"id":10308,"href":"https:\/\/www.hcms.it\/es\/wp-json\/wp\/v2\/pages\/5\/revisions\/10308"}],"wp:attachment":[{"href":"https:\/\/www.hcms.it\/es\/wp-json\/wp\/v2\/media?parent=5"}],"wp:term":[{"taxonomy":"category","embeddable":true,"href":"https:\/\/www.hcms.it\/es\/wp-json\/wp\/v2\/categories?post=5"}],"curies":[{"name":"wp","href":"https:\/\/api.w.org\/{rel}","templated":true}]}}