{"id":6627,"date":"2024-01-15T09:47:09","date_gmt":"2024-01-15T08:47:09","guid":{"rendered":"https:\/\/www.hcms.it\/new_hcms.it\/?page_id=6627"},"modified":"2025-04-11T13:01:19","modified_gmt":"2025-04-11T11:01:19","slug":"career-planning","status":"publish","type":"page","link":"https:\/\/www.hcms.it\/es\/career-planning\/","title":{"rendered":"CAREER PLANNING"},"content":{"rendered":"<div class=\"wp-block-columns are-vertically-aligned-center is-not-stacked-on-mobile breadcrumbs is-layout-flex wp-container-core-columns-is-layout-9d6595d7 wp-block-columns-is-layout-flex\">\n<div class=\"wp-block-column is-vertically-aligned-center is-layout-flow wp-block-column-is-layout-flow\">\n<div class=\"wp-block-group padding-ds-pagine justify-between wrap-max-width is-horizontal is-content-justification-center is-nowrap is-layout-flex wp-container-core-group-is-layout-c1dfda1e wp-block-group-is-layout-flex\">\n<div class=\"wp-block-group is-horizontal is-layout-flex wp-block-group-is-layout-flex\">\n<div class=\"wp-block-group icona-modulo is-vertical is-content-justification-center is-layout-flex wp-container-core-group-is-layout-4b2eccd6 wp-block-group-is-layout-flex\">\n<figure class=\"wp-block-image size-full\"><img decoding=\"async\" width=\"56\" height=\"56\" src=\"https:\/\/www.hcms.it\/\/wp-content\/uploads\/2024\/03\/CAREER-PLANNING-bianco.png\" alt=\"\" class=\"wp-image-8844\" style=\"object-fit:cover\" srcset=\"https:\/\/www.hcms.it\/wp-content\/uploads\/2024\/03\/CAREER-PLANNING-bianco.png 56w, https:\/\/www.hcms.it\/wp-content\/uploads\/2024\/03\/CAREER-PLANNING-bianco-12x12.png 12w\" sizes=\"(max-width: 56px) 100vw, 56px\" \/><\/figure>\n<\/div>\n\n\n\n<div class=\"wp-block-group is-vertical is-content-justification-left is-nowrap is-layout-flex wp-container-core-group-is-layout-c5ee878a wp-block-group-is-layout-flex\">\n<h3 class=\"wp-block-heading\" style=\"text-transform:uppercase\"><strong><strong><strong><strong><strong>CAREER PLANNING<\/strong><\/strong><\/strong><\/strong><\/strong><\/h3>\n\n\n\n<h6 class=\"wp-block-heading\" style=\"text-transform:uppercase\">PLANIFICAR TRAYECTORIAS PROFESIONALES Y AYUDAR A LAS PERSONAS A CRECER<\/h6>\n<\/div>\n<\/div>\n\n\n\n<div class=\"wp-block-group is-vertical is-content-justification-right is-nowrap is-layout-flex wp-container-core-group-is-layout-04ae16a7 wp-block-group-is-layout-flex\">\n<span><span><a href=\"https:\/\/www.hcms.it\/es\/\">Inicio<\/a><\/span><\/span>\n<\/div>\n<\/div>\n<\/div>\n<\/div>\n\n\n\n<div class=\"wp-block-columns is-not-stacked-on-mobile padding-ds-pagine con-sidebar is-layout-flex wp-container-core-columns-is-layout-9d6595d7 wp-block-columns-is-layout-flex\">\n<div class=\"wp-block-column is-layout-flow wp-block-column-is-layout-flow\">\n<div class=\"wp-block-columns is-not-stacked-on-mobile wrap-max-width is-layout-flex wp-container-core-columns-is-layout-9d6595d7 wp-block-columns-is-layout-flex\">\n<div class=\"wp-block-column is-layout-flow wp-block-column-is-layout-flow\" style=\"flex-basis:220px\" id=\"sidebar\">\n<ul id=\"menu-lista-interno-pagine\" class=\"wp-block-list shadow-lg mb-40\">\n<li class=\"active\"><a title=\"CAREER PLANNING\" href=\"\/es\/career-planning\/\">Career Planning<\/a><\/li>\n\n\n\n<li><a href=\"\/es\/estructura-organizativa\/\" title=\"\">Estructura organizativa<\/a><\/li>\n\n\n\n<li><a href=\"\/es\/posiciones-organizativas\/\" title=\"\">Puestos organizativos<\/a><\/li>\n\n\n\n<li><a href=\"\/es\/planes-de-carrera\/\" title=\"\">Planes de carrera<\/a><\/li>\n<\/ul>\n\n\n\n<div class=\"wp-block-columns is-layout-flex wp-container-core-columns-is-layout-9d6595d7 wp-block-columns-is-layout-flex\">\n<div class=\"wp-block-column richiedi-demo mb-40 is-layout-flow wp-block-column-is-layout-flow\">\n<h6 class=\"wp-block-heading\">SOLICITE UNA DEMOSTRACI\u00d3N DEL M\u00d3DULO DE PLANIFICACI\u00d3N PROFESIONAL<\/h6>\n\n\n\n<div class=\"wpcf7 no-js\" id=\"wpcf7-f8547-o1\" lang=\"it-IT\" dir=\"ltr\" data-wpcf7-id=\"8547\">\n<div class=\"screen-reader-response\"><p role=\"status\" aria-live=\"polite\" aria-atomic=\"true\"><\/p> <ul><\/ul><\/div>\n<form action=\"\/es\/wp-json\/wp\/v2\/pages\/6627#wpcf7-f8547-o1\" method=\"post\" class=\"wpcf7-form init\" aria-label=\"Formulario de contacto\" novalidate=\"novalidate\" data-status=\"init\" data-trp-original-action=\"\/es\/wp-json\/wp\/v2\/pages\/6627#wpcf7-f8547-o1\">\n<fieldset class=\"hidden-fields-container\"><input type=\"hidden\" name=\"_wpcf7\" value=\"8547\" \/><input type=\"hidden\" name=\"_wpcf7_version\" value=\"6.1.5\" \/><input type=\"hidden\" name=\"_wpcf7_locale\" value=\"it_IT\" \/><input type=\"hidden\" name=\"_wpcf7_unit_tag\" value=\"wpcf7-f8547-o1\" \/><input type=\"hidden\" name=\"_wpcf7_container_post\" value=\"0\" \/><input type=\"hidden\" name=\"_wpcf7_posted_data_hash\" value=\"\" \/>\n<\/fieldset>\n<p><span class=\"wpcf7-form-control-wrap\" data-name=\"nome\"><input size=\"40\" maxlength=\"400\" class=\"wpcf7-form-control wpcf7-text wpcf7-validates-as-required\" aria-required=\"true\" aria-invalid=\"false\" placeholder=\"NOMBRE\" value=\"\" type=\"text\" name=\"nome\" \/><\/span>\n<\/p>\n<p><span class=\"wpcf7-form-control-wrap\" data-name=\"cognome\"><input size=\"40\" maxlength=\"400\" class=\"wpcf7-form-control wpcf7-text wpcf7-validates-as-required\" aria-required=\"true\" aria-invalid=\"false\" placeholder=\"APELLIDOS\" value=\"\" type=\"text\" name=\"cognome\" \/><\/span>\n<\/p>\n<p><span class=\"wpcf7-form-control-wrap\" data-name=\"azienda\"><input size=\"40\" maxlength=\"400\" class=\"wpcf7-form-control wpcf7-text wpcf7-validates-as-required\" aria-required=\"true\" aria-invalid=\"false\" placeholder=\"EMPRESA\" value=\"\" type=\"text\" name=\"azienda\" \/><\/span>\n<\/p>\n<p><span class=\"wpcf7-form-control-wrap\" data-name=\"email\"><input size=\"40\" maxlength=\"400\" class=\"wpcf7-form-control wpcf7-email wpcf7-validates-as-required wpcf7-text wpcf7-validates-as-email\" aria-required=\"true\" aria-invalid=\"false\" placeholder=\"EMAIL*\" value=\"\" type=\"email\" name=\"email\" \/><\/span>\n<\/p>\n<p><span class=\"wpcf7-form-control-wrap\" data-name=\"telefono\"><input size=\"40\" maxlength=\"400\" class=\"wpcf7-form-control wpcf7-text\" aria-invalid=\"false\" placeholder=\"TEL\u00c9FONO\" value=\"\" type=\"text\" name=\"telefono\" \/><\/span>\n<\/p>\n<p><span class=\"wpcf7-form-control-wrap\" data-name=\"messaggio\"><textarea cols=\"40\" rows=\"10\" maxlength=\"2000\" class=\"wpcf7-form-control wpcf7-textarea wpcf7-validates-as-required\" aria-required=\"true\" aria-invalid=\"false\" placeholder=\"ESCRIBA AQU\u00cd LAS CARACTER\u00cdSTICAS QUE LE INTERESAN*.\" name=\"messaggio\"><\/textarea><\/span>\n<\/p>\n<div class=\"captcha\">\n\t<p>CAPTCHA: <span><input type=\"hidden\" name=\"_wpcf7_captcha_challenge_captcha-1\" value=\"2729907518\" \/><img decoding=\"async\" class=\"wpcf7-form-control wpcf7-captchac wpcf7-captcha-captcha-1\" width=\"72\" height=\"24\" alt=\"captcha\" src=\"https:\/\/www.hcms.it\/wp-content\/uploads\/wpcf7_captcha\/2729907518.png\" \/><\/span>\n\t<\/p>\n<\/div>\n<p><span class=\"wpcf7-form-control-wrap\" data-name=\"captcha-1\"><input size=\"40\" class=\"wpcf7-form-control wpcf7-captchar\" autocomplete=\"off\" aria-invalid=\"false\" value=\"\" type=\"text\" name=\"captcha-1\" \/><\/span>\n<\/p>\n<p><span class=\"wpcf7-form-control-wrap\" data-name=\"accettazione\"><span class=\"wpcf7-form-control wpcf7-acceptance\"><span class=\"wpcf7-list-item\"><label><input type=\"checkbox\" name=\"accettazione\" value=\"1\" aria-invalid=\"false\" \/><span class=\"wpcf7-list-item-label\">He le\u00eddo, comprendido y aceptado el <a href=\"https:\/\/www.iubenda.com\/privacy-policy\/88582912\" target=\"_blank\">condiciones generales<\/a>.<\/span><\/label><\/span><\/span><\/span><br \/>\n<span class=\"wpcf7-form-control-wrap\" data-name=\"checkbox\"><span class=\"wpcf7-form-control wpcf7-checkbox\"><span class=\"wpcf7-list-item first last\"><input type=\"checkbox\" name=\"checkbox[]\" value=\"Si vorrei iscrivermi alla newsletter settimanale.\" \/><span class=\"wpcf7-list-item-label\">S\u00ed, deseo suscribirme al bolet\u00edn semanal.<\/span><\/span><\/span><\/span>\n<\/p>\n<p><input class=\"wpcf7-form-control wpcf7-submit has-spinner\" type=\"submit\" value=\"ENVIAR\" \/>\n<\/p><div class=\"wpcf7-response-output\" aria-hidden=\"true\"><\/div>\n<input type=\"hidden\" name=\"trp-form-language\" value=\"es\"\/><\/form>\n<\/div>\n\n<\/div>\n<\/div>\n\n\n\n<div class=\"wp-block-columns is-not-stacked-on-mobile shadow-lg mb-40 scopri-anche is-layout-flex wp-container-core-columns-is-layout-9d6595d7 wp-block-columns-is-layout-flex\">\n<div class=\"wp-block-column p-20 is-layout-flow wp-block-column-is-layout-flow\">\n<h6 class=\"wp-block-heading has-text-align-center\" style=\"text-transform:uppercase\">Descubra tambi\u00e9n el<\/h6>\n\n\n\n<h5 class=\"wp-block-heading has-text-align-center\" style=\"text-transform:uppercase\">SISTEMA PROFESIONAL<\/h5>\n\n\n\n<div class=\"wp-block-buttons is-content-justification-center is-layout-flex wp-container-core-buttons-is-layout-5590e8cb wp-block-buttons-is-layout-flex\">\n<div class=\"wp-block-button has-custom-font-size has-small-font-size\"><a class=\"wp-block-button__link has-background wp-element-button\" style=\"background-color:#f59e40\">IR AL FORMULARIO<\/a><\/div>\n<\/div>\n<\/div>\n<\/div>\n<\/div>\n\n\n\n<div class=\"wp-block-column colonna-destra is-layout-flow wp-block-column-is-layout-flow\">\n<div class=\"wp-block-cover is-light copertina-col-dx mb-40\"><span aria-hidden=\"true\" class=\"wp-block-cover__background has-background-dim-0 has-background-dim\"><\/span><img decoding=\"async\" width=\"1920\" height=\"690\" class=\"wp-block-cover__image-background wp-image-6628\" alt=\"\" src=\"https:\/\/www.hcms.it\/\/wp-content\/uploads\/2024\/01\/CAREER-PLANNING-HEADER.jpg\" style=\"object-position:19% 49%\" data-object-fit=\"cover\" data-object-position=\"19% 49%\" srcset=\"https:\/\/www.hcms.it\/wp-content\/uploads\/2024\/01\/CAREER-PLANNING-HEADER.jpg 1920w, https:\/\/www.hcms.it\/wp-content\/uploads\/2024\/01\/CAREER-PLANNING-HEADER-300x108.jpg 300w, https:\/\/www.hcms.it\/wp-content\/uploads\/2024\/01\/CAREER-PLANNING-HEADER-1024x368.jpg 1024w, https:\/\/www.hcms.it\/wp-content\/uploads\/2024\/01\/CAREER-PLANNING-HEADER-768x276.jpg 768w, https:\/\/www.hcms.it\/wp-content\/uploads\/2024\/01\/CAREER-PLANNING-HEADER-1536x552.jpg 1536w, https:\/\/www.hcms.it\/wp-content\/uploads\/2024\/01\/CAREER-PLANNING-HEADER-18x6.jpg 18w, https:\/\/www.hcms.it\/wp-content\/uploads\/2024\/01\/CAREER-PLANNING-HEADER-1568x564.jpg 1568w\" sizes=\"(max-width: 1920px) 100vw, 1920px\" \/><div class=\"wp-block-cover__inner-container is-layout-flow wp-block-cover-is-layout-flow\">\n<div class=\"wp-block-columns is-layout-flex wp-container-core-columns-is-layout-9d6595d7 wp-block-columns-is-layout-flex\">\n<div class=\"wp-block-column is-layout-flow wp-block-column-is-layout-flow\" style=\"flex-basis:100%\" id=\"blocco-header-immagine-testo\">\n<div class=\"wp-block-group is-vertical is-layout-flex wp-container-core-group-is-layout-32a109f9 wp-block-group-is-layout-flex\" style=\"padding-top:2em;padding-right:2em;padding-bottom:2em;padding-left:2em\">\n<h2 class=\"wp-block-heading has-bianco-color has-text-color has-link-color wp-elements-076a4872b72e57d67002f9bbb6b42f57\" style=\"text-transform:uppercase\"><strong>CAREER PLANNING<\/strong><\/h2>\n\n\n\n<div style=\"height:0px\" aria-hidden=\"true\" class=\"wp-block-spacer wp-container-content-7d115344\"><\/div>\n\n\n\n<p class=\"has-bianco-color has-text-color has-link-color has-extra-small-font-size wp-elements-0e52db62b34facce90e9625b838d504d\">Construir posibles trayectorias profesionales vinculadas a la consecuci\u00f3n de un puesto organizativo y definir acciones de desarrollo por recurso individual.<\/p>\n<\/div>\n<\/div>\n\n\n\n<div class=\"wp-block-column is-layout-flow wp-block-column-is-layout-flow\"><\/div>\n<\/div>\n<\/div><\/div>\n\n\n\n<div class=\"wp-block-columns is-layout-flex wp-container-core-columns-is-layout-9d6595d7 wp-block-columns-is-layout-flex\">\n<div class=\"wp-block-column is-layout-flow wp-block-column-is-layout-flow\">\n<h3 class=\"wp-block-heading testo-arancione\"><strong><strong><strong><strong><strong>SUPERVISI\u00d3N GARANTIZADA PARA TODOS LOS PUESTOS DE LA ORGANIZACI\u00d3N&nbsp;<\/strong><\/strong><\/strong><\/strong><\/strong><\/h3>\n\n\n\n<div class=\"wp-block-group testo-blu\"><div class=\"wp-block-group__inner-container is-layout-constrained wp-block-group-is-layout-constrained\">\n<h6 class=\"wp-block-heading\" style=\"text-transform:uppercase\"><strong><strong><strong><strong><strong><strong>DATOS PRECISOS, COMPLETOS Y ORGANIZADOS<\/strong><\/strong><\/strong><\/strong><\/strong><\/strong><\/h6>\n\n\n\n<p>Benef\u00edciese de un sistema integrado de informaci\u00f3n sobre recursos.<\/p>\n\n\n\n<div style=\"height:30px\" aria-hidden=\"true\" class=\"wp-block-spacer\"><\/div>\n\n\n\n<h6 class=\"wp-block-heading\" style=\"text-transform:uppercase\"><strong><strong><strong><strong><strong><strong><strong>TRAYECTORIAS PROFESIONALES<\/strong><\/strong><\/strong><\/strong><\/strong><\/strong><\/strong><\/h6>\n\n\n\n<p>Determine para cada puesto organizativo los posibles puestos objetivo.<\/p>\n\n\n\n<div style=\"height:30px\" aria-hidden=\"true\" class=\"wp-block-spacer\"><\/div>\n\n\n\n<h6 class=\"wp-block-heading\" style=\"text-transform:uppercase\"><strong><strong><strong><strong><strong><strong><strong><strong>ACCIONES DE DESARROLLO<\/strong><\/strong><\/strong><\/strong><\/strong><\/strong><\/strong><\/strong><\/h6>\n\n\n\n<p>Definir las acciones de desarrollo y el conjunto de iniciativas que pueden asociarse a cada recurso para gestionar la trayectoria de desarrollo individual.<\/p>\n\n\n\n<div style=\"height:30px\" aria-hidden=\"true\" class=\"wp-block-spacer\"><\/div>\n\n\n\n<h6 class=\"wp-block-heading\" style=\"text-transform:uppercase\"><strong><strong><strong><strong><strong><strong><strong><strong><strong>PLANES DE DESARROLLO INDIVIDUAL<\/strong><\/strong><\/strong><\/strong><\/strong><\/strong><\/strong><\/strong><\/strong><\/h6>\n\n\n\n<p>Realiza para cada recurso su plan de desarrollo supervisando continuamente su estado mediante informes resumidos extra\u00edbles.<\/p>\n<\/div><\/div>\n<\/div>\n<\/div>\n\n\n\n<div style=\"height:40px\" aria-hidden=\"true\" class=\"wp-block-spacer\"><\/div>\n\n\n\n<h3 class=\"wp-block-heading testo-arancione\" style=\"text-transform:uppercase\"><strong>ENFOQUE DUAL DE LA PLANIFICACI\u00d3N PROFESIONAL<\/strong><\/h3>\n\n\n\n<div style=\"height:40px\" aria-hidden=\"true\" class=\"wp-block-spacer\"><\/div>\n\n\n\n<ul class=\"wp-block-list testo-blu punto-elenco\">\n<ol class=\"wp-block-list testo-blu punto-elenco\">\n<li class=\"translation-block\"><strong>Desarrollo hacia posiciones organizativas jer\u00e1rquicamente superiores y<strong> afines<\/strong> por contexto de intervenci\u00f3n (vinculado a la activaci\u00f3n del M\u00f3dulo <a href=\"\/es\/competency-framework\/\" target=\"_self\">Marco de Competencias<\/a>).<\/li>\n\n\n\n<li><strong>Movilidad en las posiciones <\/strong>diferentes por adquisici\u00f3n de competencias <strong>transversal <\/strong>(vinculado a la activaci\u00f3n del M\u00f3dulo de Cargos Organizativos)<\/li>\n<\/ol>\n<\/ul>\n\n\n\n<div style=\"height:40px\" aria-hidden=\"true\" class=\"wp-block-spacer\"><\/div>\n\n\n\n<h3 class=\"wp-block-heading testo-arancione\" style=\"text-transform:uppercase\">Ventajas<\/h3>\n\n\n\n<ul class=\"wp-block-list testo-blu punto-elenco\">\n<li>Desarrollar<strong> planes personalizados<\/strong> y motivar sus recursos<\/li>\n\n\n\n<li><strong>Reducir la rotaci\u00f3n<\/strong> y atraer <strong>nuevos talentos<\/strong><\/li>\n\n\n\n<li><strong>Satisfaga<\/strong> r\u00e1pidamente <strong>necesita<\/strong> presente y futuro<\/li>\n<\/ul>\n\n\n\n<div style=\"height:40px\" aria-hidden=\"true\" class=\"wp-block-spacer\"><\/div>\n\n\n\n<div class=\"wp-block-columns mb-40 blocco-clienti is-layout-flex wp-container-core-columns-is-layout-9d6595d7 wp-block-columns-is-layout-flex\">\n<div class=\"wp-block-column is-layout-flow wp-block-column-is-layout-flow\">\n<h6 class=\"wp-block-heading has-text-align-left\" style=\"text-transform:uppercase\">Qui\u00e9n lo eligi\u00f3:<\/h6>\n<\/div>\n<\/div>\n\n\n\n<div style=\"height:40px\" aria-hidden=\"true\" class=\"wp-block-spacer\"><\/div>\n<\/div>\n<\/div>\n<\/div>\n<\/div>","protected":false},"excerpt":{"rendered":"<p>CAREER PLANNING PIANIFICA I PERCORSI DI CARRIERA E AIUTA LE PERSONE A CRESCERE RICHIEDI UNA DEMO PER IL MODULO CAREER PLANNING Scopri anche il SISTEMA PROFESSIONALE PRESIDIO ASSICURATO PER TUTTE LE POSIZIONI ORGANIZZATIVE&nbsp; DATI ACCURATI, COMPLETI E ORGANIZZATI Usufruisci di un sistema integrato di informazioni sulle risorse. PERCORSI DI CARRIERA Stabilisci per ciascuna posizione organizzativa [&hellip;]<\/p>\n","protected":false},"author":4,"featured_media":0,"parent":0,"menu_order":0,"comment_status":"closed","ping_status":"closed","template":"","meta":{"inline_featured_image":false,"iawp_total_views":796,"footnotes":""},"class_list":["post-6627","page","type-page","status-publish","hentry"],"yoast_head":"<!-- This site is optimized with the Yoast SEO plugin v24.2 - https:\/\/yoast.com\/wordpress\/plugins\/seo\/ -->\n<title>Career Planning - Human Capital Management System (HCMS) | Alveria<\/title>\n<meta name=\"description\" content=\"Costruisci possibili career planning legati al raggiungimento di una posizione organizzativa e definisci le azioni di sviluppo.\" \/>\n<meta name=\"robots\" content=\"index, follow, max-snippet:-1, max-image-preview:large, max-video-preview:-1\" \/>\n<link rel=\"canonical\" href=\"https:\/\/www.hcms.it\/es\/career-planning\/\" \/>\n<meta property=\"og:locale\" content=\"es_ES\" \/>\n<meta property=\"og:type\" content=\"article\" \/>\n<meta property=\"og:title\" content=\"Career Planning - Human Capital Management System (HCMS) | Alveria\" \/>\n<meta property=\"og:description\" content=\"Costruisci possibili career planning legati al raggiungimento di una posizione organizzativa e definisci le azioni di sviluppo.\" \/>\n<meta property=\"og:url\" content=\"https:\/\/www.hcms.it\/es\/career-planning\/\" \/>\n<meta property=\"og:site_name\" content=\"Human Capital Management System (HCMS) | Alveria\" \/>\n<meta property=\"article:modified_time\" content=\"2025-04-11T11:01:19+00:00\" \/>\n<meta property=\"og:image\" content=\"https:\/\/www.hcms.it\/wp-content\/uploads\/2024\/03\/CAREER-PLANNING-bianco.png\" \/>\n\t<meta property=\"og:image:width\" content=\"56\" \/>\n\t<meta property=\"og:image:height\" content=\"56\" \/>\n\t<meta property=\"og:image:type\" content=\"image\/png\" \/>\n<meta name=\"twitter:card\" content=\"summary_large_image\" \/>\n<meta name=\"twitter:label1\" content=\"Tiempo de lectura\" \/>\n\t<meta name=\"twitter:data1\" content=\"2 minutos\" \/>\n<script type=\"application\/ld+json\" class=\"yoast-schema-graph\">{\"@context\":\"https:\/\/schema.org\",\"@graph\":[{\"@type\":\"WebPage\",\"@id\":\"https:\/\/www.hcms.it\/career-planning\/\",\"url\":\"https:\/\/www.hcms.it\/career-planning\/\",\"name\":\"Career Planning - Human Capital Management System (HCMS) | Alveria\",\"isPartOf\":{\"@id\":\"https:\/\/www.hcms.it\/#website\"},\"primaryImageOfPage\":{\"@id\":\"https:\/\/www.hcms.it\/career-planning\/#primaryimage\"},\"image\":{\"@id\":\"https:\/\/www.hcms.it\/career-planning\/#primaryimage\"},\"thumbnailUrl\":\"https:\/\/www.hcms.it\/\/wp-content\/uploads\/2024\/03\/CAREER-PLANNING-bianco.png\",\"datePublished\":\"2024-01-15T08:47:09+00:00\",\"dateModified\":\"2025-04-11T11:01:19+00:00\",\"description\":\"Costruisci possibili career planning legati al raggiungimento di una posizione organizzativa e definisci le azioni di sviluppo.\",\"breadcrumb\":{\"@id\":\"https:\/\/www.hcms.it\/career-planning\/#breadcrumb\"},\"inLanguage\":\"es\",\"potentialAction\":[{\"@type\":\"ReadAction\",\"target\":[\"https:\/\/www.hcms.it\/career-planning\/\"]}]},{\"@type\":\"ImageObject\",\"inLanguage\":\"es\",\"@id\":\"https:\/\/www.hcms.it\/career-planning\/#primaryimage\",\"url\":\"https:\/\/www.hcms.it\/\/wp-content\/uploads\/2024\/03\/CAREER-PLANNING-bianco.png\",\"contentUrl\":\"https:\/\/www.hcms.it\/\/wp-content\/uploads\/2024\/03\/CAREER-PLANNING-bianco.png\"},{\"@type\":\"BreadcrumbList\",\"@id\":\"https:\/\/www.hcms.it\/career-planning\/#breadcrumb\",\"itemListElement\":[{\"@type\":\"ListItem\",\"position\":1,\"name\":\"Home\",\"item\":\"https:\/\/www.hcms.it\/\"},{\"@type\":\"ListItem\",\"position\":2,\"name\":\"CAREER PLANNING\"}]},{\"@type\":\"WebSite\",\"@id\":\"https:\/\/www.hcms.it\/#website\",\"url\":\"https:\/\/www.hcms.it\/\",\"name\":\"Human Capital Management System (HCMS) | Alveria\",\"description\":\"Scopri come HCMS supporta le aziende nella Digital Transformation con strumenti avanzati relativi a Core HR &amp; Analytics, Comp &amp; Ben, Talent, Recruiting e Learning.\",\"potentialAction\":[{\"@type\":\"SearchAction\",\"target\":{\"@type\":\"EntryPoint\",\"urlTemplate\":\"https:\/\/www.hcms.it\/?s={search_term_string}\"},\"query-input\":{\"@type\":\"PropertyValueSpecification\",\"valueRequired\":true,\"valueName\":\"search_term_string\"}}],\"inLanguage\":\"es\"}]}<\/script>\n<!-- \/ Yoast SEO plugin. -->","yoast_head_json":{"title":"Planificaci\u00f3n de la carrera profesional - Human Capital Management System (HCMS) | Alveria","description":"Construir un posible plan de carrera relacionado con la consecuci\u00f3n de un puesto en la organizaci\u00f3n y definir acciones de desarrollo.","robots":{"index":"index","follow":"follow","max-snippet":"max-snippet:-1","max-image-preview":"max-image-preview:large","max-video-preview":"max-video-preview:-1"},"canonical":"https:\/\/www.hcms.it\/es\/career-planning\/","og_locale":"es_ES","og_type":"article","og_title":"Career Planning - Human Capital Management System (HCMS) | Alveria","og_description":"Costruisci possibili career planning legati al raggiungimento di una posizione organizzativa e definisci le azioni di sviluppo.","og_url":"https:\/\/www.hcms.it\/es\/career-planning\/","og_site_name":"Human Capital Management System (HCMS) | Alveria","article_modified_time":"2025-04-11T11:01:19+00:00","og_image":[{"width":56,"height":56,"url":"https:\/\/www.hcms.it\/wp-content\/uploads\/2024\/03\/CAREER-PLANNING-bianco.png","type":"image\/png"}],"twitter_card":"summary_large_image","twitter_misc":{"Tiempo de lectura":"2 minutos"},"schema":{"@context":"https:\/\/schema.org","@graph":[{"@type":"WebPage","@id":"https:\/\/www.hcms.it\/career-planning\/","url":"https:\/\/www.hcms.it\/career-planning\/","name":"Planificaci\u00f3n de la carrera profesional - Human Capital Management System (HCMS) | Alveria","isPartOf":{"@id":"https:\/\/www.hcms.it\/#website"},"primaryImageOfPage":{"@id":"https:\/\/www.hcms.it\/career-planning\/#primaryimage"},"image":{"@id":"https:\/\/www.hcms.it\/career-planning\/#primaryimage"},"thumbnailUrl":"https:\/\/www.hcms.it\/\/wp-content\/uploads\/2024\/03\/CAREER-PLANNING-bianco.png","datePublished":"2024-01-15T08:47:09+00:00","dateModified":"2025-04-11T11:01:19+00:00","description":"Construir un posible plan de carrera relacionado con la consecuci\u00f3n de un puesto en la organizaci\u00f3n y definir acciones de desarrollo.","breadcrumb":{"@id":"https:\/\/www.hcms.it\/career-planning\/#breadcrumb"},"inLanguage":"es","potentialAction":[{"@type":"ReadAction","target":["https:\/\/www.hcms.it\/career-planning\/"]}]},{"@type":"ImageObject","inLanguage":"es","@id":"https:\/\/www.hcms.it\/career-planning\/#primaryimage","url":"https:\/\/www.hcms.it\/\/wp-content\/uploads\/2024\/03\/CAREER-PLANNING-bianco.png","contentUrl":"https:\/\/www.hcms.it\/\/wp-content\/uploads\/2024\/03\/CAREER-PLANNING-bianco.png"},{"@type":"BreadcrumbList","@id":"https:\/\/www.hcms.it\/career-planning\/#breadcrumb","itemListElement":[{"@type":"ListItem","position":1,"name":"Home","item":"https:\/\/www.hcms.it\/"},{"@type":"ListItem","position":2,"name":"CAREER PLANNING"}]},{"@type":"WebSite","@id":"https:\/\/www.hcms.it\/#website","url":"https:\/\/www.hcms.it\/","name":"Human Capital Management System (HCMS) | Alveria","description":"Descubra c\u00f3mo HCMS apoya a las empresas en la Transformaci\u00f3n Digital con herramientas avanzadas relacionadas con Core HR &amp; Analytics, Comp &amp; Ben, Talent, Recruiting y Learning.","potentialAction":[{"@type":"SearchAction","target":{"@type":"EntryPoint","urlTemplate":"https:\/\/www.hcms.it\/?s={search_term_string}"},"query-input":{"@type":"PropertyValueSpecification","valueRequired":true,"valueName":"search_term_string"}}],"inLanguage":"es"}]}},"_links":{"self":[{"href":"https:\/\/www.hcms.it\/es\/wp-json\/wp\/v2\/pages\/6627","targetHints":{"allow":["GET"]}}],"collection":[{"href":"https:\/\/www.hcms.it\/es\/wp-json\/wp\/v2\/pages"}],"about":[{"href":"https:\/\/www.hcms.it\/es\/wp-json\/wp\/v2\/types\/page"}],"author":[{"embeddable":true,"href":"https:\/\/www.hcms.it\/es\/wp-json\/wp\/v2\/users\/4"}],"replies":[{"embeddable":true,"href":"https:\/\/www.hcms.it\/es\/wp-json\/wp\/v2\/comments?post=6627"}],"version-history":[{"count":24,"href":"https:\/\/www.hcms.it\/es\/wp-json\/wp\/v2\/pages\/6627\/revisions"}],"predecessor-version":[{"id":10152,"href":"https:\/\/www.hcms.it\/es\/wp-json\/wp\/v2\/pages\/6627\/revisions\/10152"}],"wp:attachment":[{"href":"https:\/\/www.hcms.it\/es\/wp-json\/wp\/v2\/media?parent=6627"}],"curies":[{"name":"wp","href":"https:\/\/api.w.org\/{rel}","templated":true}]}}