{"id":5735,"date":"2023-12-07T16:53:58","date_gmt":"2023-12-07T15:53:58","guid":{"rendered":"https:\/\/www.hcms.it\/new_hcms.it\/?page_id=5735"},"modified":"2025-11-12T10:47:14","modified_gmt":"2025-11-12T09:47:14","slug":"hr-planning","status":"publish","type":"page","link":"https:\/\/www.hcms.it\/fr\/e-recruiting\/hr-planning\/","title":{"rendered":"HR PLANNING"},"content":{"rendered":"<div class=\"wp-block-columns are-vertically-aligned-center is-not-stacked-on-mobile breadcrumbs is-layout-flex wp-container-core-columns-is-layout-9d6595d7 wp-block-columns-is-layout-flex\">\n<div class=\"wp-block-column is-vertically-aligned-center is-layout-flow wp-block-column-is-layout-flow\">\n<div class=\"wp-block-group padding-ds-pagine justify-between wrap-max-width is-horizontal is-content-justification-center is-nowrap is-layout-flex wp-container-core-group-is-layout-c1dfda1e wp-block-group-is-layout-flex\">\n<div class=\"wp-block-group is-horizontal is-layout-flex wp-block-group-is-layout-flex\">\n<div class=\"wp-block-group icona-modulo is-vertical is-content-justification-center is-layout-flex wp-container-core-group-is-layout-4b2eccd6 wp-block-group-is-layout-flex\">\n<figure class=\"wp-block-image size-full\"><img decoding=\"async\" width=\"43\" height=\"44\" src=\"https:\/\/www.hcms.it\/\/wp-content\/uploads\/2021\/05\/E-Recruiting_bianco.png\" alt=\"\" class=\"wp-image-134\" style=\"object-fit:cover\"\/><\/figure>\n<\/div>\n\n\n\n<div class=\"wp-block-group is-vertical is-content-justification-left is-nowrap is-layout-flex wp-container-core-group-is-layout-c5ee878a wp-block-group-is-layout-flex\">\n<h3 class=\"wp-block-heading\" style=\"text-transform:uppercase\"><strong><strong><strong><strong><strong><strong><strong><strong>E-RECRUITING<\/strong><\/strong><\/strong><\/strong><\/strong><\/strong><\/strong><\/strong><\/h3>\n\n\n\n<h6 class=\"wp-block-heading\" style=\"text-transform:uppercase\">SIMPLIFIER LE RECRUTEMENT AVEC LE SYST\u00c8ME DE SUIVI DES CANDIDATURES (STA)<\/h6>\n<\/div>\n<\/div>\n\n\n\n<div class=\"wp-block-group is-vertical is-content-justification-right is-nowrap is-layout-flex wp-container-core-group-is-layout-04ae16a7 wp-block-group-is-layout-flex\">\n<span><span><a href=\"https:\/\/www.hcms.it\/fr\/\">Accueil<\/a><\/span><\/span>\n<\/div>\n<\/div>\n<\/div>\n<\/div>\n\n\n\n<div class=\"wp-block-columns is-not-stacked-on-mobile padding-ds-pagine con-sidebar is-layout-flex wp-container-core-columns-is-layout-9d6595d7 wp-block-columns-is-layout-flex\">\n<div class=\"wp-block-column is-layout-flow wp-block-column-is-layout-flow\">\n<div class=\"wp-block-columns is-not-stacked-on-mobile wrap-max-width is-layout-flex wp-container-core-columns-is-layout-9d6595d7 wp-block-columns-is-layout-flex\">\n<div class=\"wp-block-column is-layout-flow wp-block-column-is-layout-flow\" style=\"flex-basis:220px\" id=\"sidebar\">\n<ul id=\"menu-lista-interno-pagine\" class=\"wp-block-list shadow-lg mb-40\">\n<li><a href=\"\/fr\/e-recruiting\/\" title=\"E-RECRUITING\">E-Recruiting<\/a><\/li>\n\n\n\n<li class=\"active\"><a href=\"\/fr\/hr-planning\/\" title=\"\">HR Planning<\/a><\/li>\n\n\n\n<li><a href=\"\/fr\/career-site\/\" title=\"\">Career Site<\/a><\/li>\n\n\n\n<li><a href=\"\/fr\/depistage\/\" title=\"\">Screening<\/a><\/li>\n\n\n\n<li><a href=\"\/fr\/selection-et-evaluation\/\" title=\"\">S\u00e9lection et \u00e9valuation<\/a><\/li>\n\n\n\n<li><a href=\"\/fr\/i-recruiting\/\" title=\"I-Recruiting\">I-Recruiting<\/a><\/li>\n\n\n\n<li><a href=\"\/fr\/e-recai\/\">E-RecAI<\/a><\/li>\n<\/ul>\n\n\n\n<div class=\"wp-block-columns is-layout-flex wp-container-core-columns-is-layout-9d6595d7 wp-block-columns-is-layout-flex\">\n<div class=\"wp-block-column richiedi-demo mb-40 is-layout-flow wp-block-column-is-layout-flow\">\n<h6 class=\"wp-block-heading\">DEMANDER UNE D\u00c9MO POUR LE MODULE E-RECRUITING<\/h6>\n\n\n\n<div class=\"wpcf7 no-js\" id=\"wpcf7-f8550-o1\" lang=\"it-IT\" dir=\"ltr\" data-wpcf7-id=\"8550\">\n<div class=\"screen-reader-response\"><p role=\"status\" aria-live=\"polite\" aria-atomic=\"true\"><\/p> <ul><\/ul><\/div>\n<form action=\"\/fr\/wp-json\/wp\/v2\/pages\/5735#wpcf7-f8550-o1\" method=\"post\" class=\"wpcf7-form init\" aria-label=\"Formulaire de contact\" novalidate=\"novalidate\" data-status=\"init\" data-trp-original-action=\"\/fr\/wp-json\/wp\/v2\/pages\/5735#wpcf7-f8550-o1\">\n<fieldset class=\"hidden-fields-container\"><input type=\"hidden\" name=\"_wpcf7\" value=\"8550\" \/><input type=\"hidden\" name=\"_wpcf7_version\" value=\"6.1.5\" \/><input type=\"hidden\" name=\"_wpcf7_locale\" value=\"it_IT\" \/><input type=\"hidden\" name=\"_wpcf7_unit_tag\" value=\"wpcf7-f8550-o1\" \/><input type=\"hidden\" name=\"_wpcf7_container_post\" value=\"0\" \/><input type=\"hidden\" name=\"_wpcf7_posted_data_hash\" value=\"\" \/>\n<\/fieldset>\n<p><span class=\"wpcf7-form-control-wrap\" data-name=\"nome\"><input size=\"40\" maxlength=\"400\" class=\"wpcf7-form-control wpcf7-text wpcf7-validates-as-required\" aria-required=\"true\" aria-invalid=\"false\" placeholder=\"NOM*\" value=\"\" type=\"text\" name=\"nome\" \/><\/span>\n<\/p>\n<p><span class=\"wpcf7-form-control-wrap\" data-name=\"cognome\"><input size=\"40\" maxlength=\"400\" class=\"wpcf7-form-control wpcf7-text wpcf7-validates-as-required\" aria-required=\"true\" aria-invalid=\"false\" placeholder=\"NOM DE FAMILLE*\" value=\"\" type=\"text\" name=\"cognome\" \/><\/span>\n<\/p>\n<p><span class=\"wpcf7-form-control-wrap\" data-name=\"azienda\"><input size=\"40\" maxlength=\"400\" class=\"wpcf7-form-control wpcf7-text wpcf7-validates-as-required\" aria-required=\"true\" aria-invalid=\"false\" placeholder=\"SOCI\u00c9T\u00c9*\" value=\"\" type=\"text\" name=\"azienda\" \/><\/span>\n<\/p>\n<p><span class=\"wpcf7-form-control-wrap\" data-name=\"email\"><input size=\"40\" maxlength=\"400\" class=\"wpcf7-form-control wpcf7-email wpcf7-validates-as-required wpcf7-text wpcf7-validates-as-email\" aria-required=\"true\" aria-invalid=\"false\" placeholder=\"COURRIEL*\" value=\"\" type=\"email\" name=\"email\" \/><\/span>\n<\/p>\n<p><span class=\"wpcf7-form-control-wrap\" data-name=\"telefono\"><input size=\"40\" maxlength=\"400\" class=\"wpcf7-form-control wpcf7-text\" aria-invalid=\"false\" placeholder=\"TELEPHONE\" value=\"\" type=\"text\" name=\"telefono\" \/><\/span>\n<\/p>\n<p><span class=\"wpcf7-form-control-wrap\" data-name=\"messaggio\"><textarea cols=\"40\" rows=\"10\" maxlength=\"2000\" class=\"wpcf7-form-control wpcf7-textarea wpcf7-validates-as-required\" aria-required=\"true\" aria-invalid=\"false\" placeholder=\"INDIQUEZ ICI LES CARACT\u00c9RISTIQUES QUI VOUS INT\u00c9RESSENT*\" name=\"messaggio\"><\/textarea><\/span>\n<\/p>\n<div class=\"captcha\">\n\t<p>CAPTCHA : <span><input type=\"hidden\" name=\"_wpcf7_captcha_challenge_captcha-1\" value=\"2435184939\" \/><img decoding=\"async\" class=\"wpcf7-form-control wpcf7-captchac wpcf7-captcha-captcha-1\" width=\"72\" height=\"24\" alt=\"captcha\" src=\"https:\/\/www.hcms.it\/wp-content\/uploads\/wpcf7_captcha\/2435184939.png\" \/><\/span>\n\t<\/p>\n<\/div>\n<p><span class=\"wpcf7-form-control-wrap\" data-name=\"captcha-1\"><input size=\"40\" class=\"wpcf7-form-control wpcf7-captchar\" autocomplete=\"off\" aria-invalid=\"false\" value=\"\" type=\"text\" name=\"captcha-1\" \/><\/span>\n<\/p>\n<p><span class=\"wpcf7-form-control-wrap\" data-name=\"accettazione\"><span class=\"wpcf7-form-control wpcf7-acceptance\"><span class=\"wpcf7-list-item\"><label><input type=\"checkbox\" name=\"accettazione\" value=\"1\" aria-invalid=\"false\" \/><span class=\"wpcf7-list-item-label\">J'ai lu, compris et accept\u00e9 les <a href=\"https:\/\/www.iubenda.com\/privacy-policy\/82897588\" target=\"_blank\">conditions g\u00e9n\u00e9rales<\/a>.<\/span><\/label><\/span><\/span><\/span><br \/>\n<span class=\"wpcf7-form-control-wrap\" data-name=\"checkbox\"><span class=\"wpcf7-form-control wpcf7-checkbox\"><span class=\"wpcf7-list-item first last\"><input type=\"checkbox\" name=\"checkbox[]\" value=\"Si vorrei iscrivermi alla newsletter settimanale.\" \/><span class=\"wpcf7-list-item-label\">Oui, je souhaite m'abonner \u00e0 la lettre d'information hebdomadaire.<\/span><\/span><\/span><\/span>\n<\/p>\n<p><input class=\"wpcf7-form-control wpcf7-submit has-spinner\" type=\"submit\" value=\"ENVOYER\" \/>\n<\/p><div class=\"wpcf7-response-output\" aria-hidden=\"true\"><\/div>\n<input type=\"hidden\" name=\"trp-form-language\" value=\"fr\"\/><\/form>\n<\/div>\n\n<\/div>\n<\/div>\n\n\n\n<div class=\"wp-block-columns is-not-stacked-on-mobile shadow-lg mb-40 scopri-anche is-layout-flex wp-container-core-columns-is-layout-9d6595d7 wp-block-columns-is-layout-flex\">\n<div class=\"wp-block-column p-20 is-layout-flow wp-block-column-is-layout-flow\">\n<h6 class=\"wp-block-heading has-text-align-center\" style=\"text-transform:uppercase\">D\u00e9couvrez \u00e9galement le<\/h6>\n\n\n\n<h5 class=\"wp-block-heading has-text-align-center\" style=\"text-transform:uppercase\">SKILL ASSESSMENT<\/h5>\n\n\n\n<div class=\"wp-block-buttons is-content-justification-center is-layout-flex wp-container-core-buttons-is-layout-5590e8cb wp-block-buttons-is-layout-flex\">\n<div class=\"wp-block-button\"><a class=\"wp-block-button__link has-background has-small-font-size has-custom-font-size wp-element-button\" style=\"background-color:#f59e40\">ALLER AU FORMULAIRE<\/a><\/div>\n<\/div>\n<\/div>\n<\/div>\n<\/div>\n\n\n\n<div class=\"wp-block-column colonna-destra is-layout-flow wp-block-column-is-layout-flow\">\n<div class=\"wp-block-cover copertina-col-dx mb-40\"><img decoding=\"async\" width=\"1024\" height=\"368\" class=\"wp-block-cover__image-background wp-image-9743 size-large\" alt=\"HR PLANIFICATIOND\u00e9finissez les besoins de votre entreprise en mati\u00e8re de recrutement et concevez vos ressources avec plus de pr\u00e9cision.\" src=\"https:\/\/www.hcms.it\/wp-content\/uploads\/2025\/05\/HR-PLANNING-HEADER-1024x368.jpg\" style=\"object-position:30% 40%\" data-object-fit=\"cover\" data-object-position=\"30% 40%\" srcset=\"https:\/\/www.hcms.it\/wp-content\/uploads\/2025\/05\/HR-PLANNING-HEADER-1024x368.jpg 1024w, https:\/\/www.hcms.it\/wp-content\/uploads\/2025\/05\/HR-PLANNING-HEADER-300x108.jpg 300w, https:\/\/www.hcms.it\/wp-content\/uploads\/2025\/05\/HR-PLANNING-HEADER-768x276.jpg 768w, https:\/\/www.hcms.it\/wp-content\/uploads\/2025\/05\/HR-PLANNING-HEADER-1536x552.jpg 1536w, https:\/\/www.hcms.it\/wp-content\/uploads\/2025\/05\/HR-PLANNING-HEADER-18x6.jpg 18w, https:\/\/www.hcms.it\/wp-content\/uploads\/2025\/05\/HR-PLANNING-HEADER-1568x564.jpg 1568w, https:\/\/www.hcms.it\/wp-content\/uploads\/2025\/05\/HR-PLANNING-HEADER.jpg 1920w\" sizes=\"(max-width: 1024px) 100vw, 1024px\" \/><span aria-hidden=\"true\" class=\"wp-block-cover__background has-background-dim-0 has-background-dim\" style=\"background-color:#3b3d43\"><\/span><div class=\"wp-block-cover__inner-container is-layout-flow wp-block-cover-is-layout-flow\">\n<div class=\"wp-block-columns is-layout-flex wp-container-core-columns-is-layout-9d6595d7 wp-block-columns-is-layout-flex\">\n<div class=\"wp-block-column is-layout-flow wp-block-column-is-layout-flow\" style=\"flex-basis:100%\" id=\"blocco-header-immagine-testo\">\n<div class=\"wp-block-group is-vertical is-layout-flex wp-container-core-group-is-layout-32a109f9 wp-block-group-is-layout-flex\" style=\"padding-top:2em;padding-right:2em;padding-bottom:2em;padding-left:2em\">\n<h2 class=\"wp-block-heading\" style=\"text-transform:uppercase\">HR PLANNING<\/h2>\n\n\n\n<div style=\"height:0px\" aria-hidden=\"true\" class=\"wp-block-spacer wp-container-content-7d115344\"><\/div>\n\n\n\n<p class=\"has-extra-small-font-size\">D\u00e9finissez les besoins de votre entreprise en mati\u00e8re de recrutement et concevez vos ressources avec plus de pr\u00e9cision.<\/p>\n<\/div>\n<\/div>\n\n\n\n<div class=\"wp-block-column is-layout-flow wp-block-column-is-layout-flow\"><\/div>\n<\/div>\n<\/div><\/div>\n\n\n\n<div class=\"wp-block-columns is-layout-flex wp-container-core-columns-is-layout-9d6595d7 wp-block-columns-is-layout-flex\">\n<div class=\"wp-block-column is-layout-flow wp-block-column-is-layout-flow\">\n<h3 class=\"wp-block-heading testo-arancione\"><strong><strong>DES FILTRES DE RECHERCHE AVANC\u00c9S POUR L'IDENTIFICATION DES COMP\u00c9TENCES CL\u00c9S<\/strong><\/strong><\/h3>\n\n\n\n<div class=\"wp-block-group testo-blu\"><div class=\"wp-block-group__inner-container is-layout-constrained wp-block-group-is-layout-constrained\">\n<p>L'<a href=\"\/fr\/e-recruiting\/\">E-Recruiting<\/a> est nativement int\u00e9gr\u00e9 \u00e0 l'application <a href=\"\/fr\/competency-framework\/\">Competency Framework <\/a>de HCMS afin de permettre une recherche opportune des comp\u00e9tences cl\u00e9s et des valeurs attendues li\u00e9es \u00e0 la couverture du poste recherch\u00e9.<\/p>\n\n\n\n<div style=\"height:30px\" aria-hidden=\"true\" class=\"wp-block-spacer\"><\/div>\n<\/div><\/div>\n\n\n\n<h3 class=\"wp-block-heading testo-arancione has-blu-color has-text-color has-link-color wp-elements-fe4bf48a4afecdce6d94e07713b99620\"><strong><strong><strong>BESOIN DE POURVOIR UN NOUVEAU POSTE ?<\/strong><\/strong><\/strong><\/h3>\n\n\n\n<div class=\"wp-block-group testo-blu\"><div class=\"wp-block-group__inner-container is-layout-constrained wp-block-group-is-layout-constrained\">\n<p class=\"translation-block\">Laissez-nous vous guider pour <a href=\"https:\/\/www.alveria.it\/contatti\/\" target=\"_self\">remplir un formulaire dynamique<\/a> avec les principales informations sur le lieu souhait\u00e9 :<\/p>\n\n\n\n<div style=\"height:30px\" aria-hidden=\"true\" class=\"wp-block-spacer\"><\/div>\n\n\n\n<ul class=\"wp-block-list punto-elenco\">\n<li>Titre du poste<\/li>\n\n\n\n<li>Lieu de recrutement<\/li>\n\n\n\n<li>Unit\u00e9 organisationnelle o\u00f9 la nouvelle ressource sera plac\u00e9e<\/li>\n\n\n\n<li>Qualification (pr\u00e9f\u00e9r\u00e9e)<\/li>\n\n\n\n<li>Profil professionnel du candidat id\u00e9al et dimensions professionnelles pertinentes \u00e0 \u00e9valuer<\/li>\n\n\n\n<li>Comp\u00e9tences linguistiques<\/li>\n\n\n\n<li>Description du poste avec des pr\u00e9cisions sur les activit\u00e9s et les responsabilit\u00e9s<\/li>\n<\/ul>\n\n\n\n<div style=\"height:30px\" aria-hidden=\"true\" class=\"wp-block-spacer\"><\/div>\n\n\n\n<p>Une fois la demande introduite, un flux de travail d'approbation suivra, d\u00e9fini et construit par vous, sur la base des particularit\u00e9s organisationnelles de votre entreprise.<\/p>\n\n\n\n<div style=\"height:30px\" aria-hidden=\"true\" class=\"wp-block-spacer\"><\/div>\n\n\n\n<h3 class=\"wp-block-heading\" style=\"text-transform:uppercase\"><strong><strong><strong><strong><strong>LES R\u00d4LES, LA VISIBILIT\u00c9 ET LES CRIT\u00c8RES D'ACC\u00c8S<\/strong><\/strong><\/strong><\/strong><\/strong><\/h3>\n\n\n\n<div style=\"height:30px\" aria-hidden=\"true\" class=\"wp-block-spacer\"><\/div>\n\n\n\n<ul class=\"wp-block-list punto-elenco\">\n<li>Attribuez des permissions granulaires pour d\u00e9finir le p\u00e9rim\u00e8tre d'acc\u00e8s et les r\u00f4les de vos coll\u00e8gues dans le plan HR.<\/li>\n\n\n\n<li>R\u00e9guler et personnaliser le flux d'approbation et les acteurs impliqu\u00e9s<\/li>\n\n\n\n<li>Acc\u00e8s s\u00e9curis\u00e9 via SSO Login<\/li>\n<\/ul>\n\n\n\n<div style=\"height:30px\" aria-hidden=\"true\" class=\"wp-block-spacer\"><\/div>\n\n\n\n<p>Une fois le plan HR ouvert, les managers et les directeurs pourront se connecter \u00e0 leur FrontOffice et soumettre leurs besoins de recrutement qui, selon la configuration mise en place, pourront \u00eatre soumis \u00e0 un ou plusieurs niveaux d'approbation par des acteurs bien d\u00e9finis du BackOffice (par exemple, HRO, CFO, etc.).<\/p>\n\n\n\n<div style=\"height:30px\" aria-hidden=\"true\" class=\"wp-block-spacer\"><\/div>\n<\/div><\/div>\n<\/div>\n<\/div>\n\n\n\n<div style=\"height:40px\" aria-hidden=\"true\" class=\"wp-block-spacer\"><\/div>\n\n\n\n<div class=\"wp-block-columns flex-col-reverse is-layout-flex wp-container-core-columns-is-layout-9d6595d7 wp-block-columns-is-layout-flex\">\n<div class=\"wp-block-column is-vertically-aligned-top is-layout-flow wp-block-column-is-layout-flow\">\n<figure class=\"wp-block-image size-full mb-0\"><img decoding=\"async\" width=\"926\" height=\"598\" src=\"https:\/\/www.hcms.it\/wp-content\/uploads\/2025\/11\/HR-PLANNING-RICHIESTA.webp\" alt=\"\" class=\"wp-image-10178\" srcset=\"https:\/\/www.hcms.it\/wp-content\/uploads\/2025\/11\/HR-PLANNING-RICHIESTA.webp 926w, https:\/\/www.hcms.it\/wp-content\/uploads\/2025\/11\/HR-PLANNING-RICHIESTA-300x194.webp 300w, https:\/\/www.hcms.it\/wp-content\/uploads\/2025\/11\/HR-PLANNING-RICHIESTA-768x496.webp 768w, https:\/\/www.hcms.it\/wp-content\/uploads\/2025\/11\/HR-PLANNING-RICHIESTA-18x12.webp 18w\" sizes=\"(max-width: 926px) 100vw, 926px\" \/><\/figure>\n<\/div>\n\n\n\n<div class=\"wp-block-column is-layout-flow wp-block-column-is-layout-flow\"><\/div>\n<\/div>\n\n\n\n<div style=\"height:40px\" aria-hidden=\"true\" class=\"wp-block-spacer\"><\/div>\n<\/div>\n<\/div>\n<\/div>\n<\/div>","protected":false},"excerpt":{"rendered":"<p>E-RECRUITING SEMPLIFICA IL MODO DI FARE RECRUITInG CON L\u2019APPLICANT TRACKING SYSTEM (ATS) RICHIEDI UNA DEMO PER IL MODULO E-RECRUITING Scopri anche il SKILL ASSESSMENT FILTRI DI RICERCA AVANZATI PER L\u2019INDIVIDUAZIONE DELLE COMPETENZE CHIAVE L\u2019E-Recruiting \u00e8 nativamente integrato con il modulo Competency Framework di HCMS per consentire una ricerca tempestiva delle competenze chiave e dei relativi [&hellip;]<\/p>\n","protected":false},"author":4,"featured_media":0,"parent":5712,"menu_order":0,"comment_status":"closed","ping_status":"closed","template":"","meta":{"inline_featured_image":false,"iawp_total_views":58,"footnotes":""},"class_list":["post-5735","page","type-page","status-publish","hentry"],"yoast_head":"<!-- This site is optimized with the Yoast SEO plugin v24.2 - https:\/\/yoast.com\/wordpress\/plugins\/seo\/ -->\n<title>HR PLANNING - Human Capital Management System (HCMS) | Alveria<\/title>\n<meta name=\"description\" content=\"Definisci il fabbisogno assunzionale della tua azienda e disegna le tue risorse con maggiore precisione con l&#039;HR Planning.\" \/>\n<meta name=\"robots\" content=\"index, follow, max-snippet:-1, max-image-preview:large, max-video-preview:-1\" \/>\n<link rel=\"canonical\" href=\"https:\/\/www.hcms.it\/fr\/e-recruiting\/hr-planning\/\" \/>\n<meta property=\"og:locale\" content=\"fr_FR\" \/>\n<meta property=\"og:type\" content=\"article\" \/>\n<meta property=\"og:title\" content=\"HR PLANNING - Human Capital Management System (HCMS) | Alveria\" \/>\n<meta property=\"og:description\" content=\"Definisci il fabbisogno assunzionale della tua azienda e disegna le tue risorse con maggiore precisione con l&#039;HR Planning.\" \/>\n<meta property=\"og:url\" content=\"https:\/\/www.hcms.it\/fr\/e-recruiting\/hr-planning\/\" \/>\n<meta property=\"og:site_name\" content=\"Human Capital Management System (HCMS) | Alveria\" \/>\n<meta property=\"article:modified_time\" content=\"2025-11-12T09:47:14+00:00\" \/>\n<meta property=\"og:image\" content=\"https:\/\/www.hcms.it\/wp-content\/uploads\/2021\/05\/E-Recruiting_bianco.png\" \/>\n\t<meta property=\"og:image:width\" content=\"43\" \/>\n\t<meta property=\"og:image:height\" content=\"44\" \/>\n\t<meta property=\"og:image:type\" content=\"image\/png\" \/>\n<meta name=\"twitter:card\" content=\"summary_large_image\" \/>\n<meta name=\"twitter:label1\" content=\"Dur\u00e9e de lecture estim\u00e9e\" \/>\n\t<meta name=\"twitter:data1\" content=\"3 minutes\" \/>\n<script type=\"application\/ld+json\" class=\"yoast-schema-graph\">{\"@context\":\"https:\/\/schema.org\",\"@graph\":[{\"@type\":\"WebPage\",\"@id\":\"https:\/\/www.hcms.it\/e-recruiting\/hr-planning\/\",\"url\":\"https:\/\/www.hcms.it\/e-recruiting\/hr-planning\/\",\"name\":\"HR PLANNING - Human Capital Management System (HCMS) | Alveria\",\"isPartOf\":{\"@id\":\"https:\/\/www.hcms.it\/#website\"},\"primaryImageOfPage\":{\"@id\":\"https:\/\/www.hcms.it\/e-recruiting\/hr-planning\/#primaryimage\"},\"image\":{\"@id\":\"https:\/\/www.hcms.it\/e-recruiting\/hr-planning\/#primaryimage\"},\"thumbnailUrl\":\"https:\/\/www.hcms.it\/\/wp-content\/uploads\/2021\/05\/E-Recruiting_bianco.png\",\"datePublished\":\"2023-12-07T15:53:58+00:00\",\"dateModified\":\"2025-11-12T09:47:14+00:00\",\"description\":\"Definisci il fabbisogno assunzionale della tua azienda e disegna le tue risorse con maggiore precisione con l'HR Planning.\",\"breadcrumb\":{\"@id\":\"https:\/\/www.hcms.it\/e-recruiting\/hr-planning\/#breadcrumb\"},\"inLanguage\":\"fr-FR\",\"potentialAction\":[{\"@type\":\"ReadAction\",\"target\":[\"https:\/\/www.hcms.it\/e-recruiting\/hr-planning\/\"]}]},{\"@type\":\"ImageObject\",\"inLanguage\":\"fr-FR\",\"@id\":\"https:\/\/www.hcms.it\/e-recruiting\/hr-planning\/#primaryimage\",\"url\":\"https:\/\/www.hcms.it\/\/wp-content\/uploads\/2021\/05\/E-Recruiting_bianco.png\",\"contentUrl\":\"https:\/\/www.hcms.it\/\/wp-content\/uploads\/2021\/05\/E-Recruiting_bianco.png\"},{\"@type\":\"BreadcrumbList\",\"@id\":\"https:\/\/www.hcms.it\/e-recruiting\/hr-planning\/#breadcrumb\",\"itemListElement\":[{\"@type\":\"ListItem\",\"position\":1,\"name\":\"Home\",\"item\":\"https:\/\/www.hcms.it\/\"},{\"@type\":\"ListItem\",\"position\":2,\"name\":\"E-RECRUITING\",\"item\":\"https:\/\/www.hcms.it\/e-recruiting\/\"},{\"@type\":\"ListItem\",\"position\":3,\"name\":\"HR PLANNING\"}]},{\"@type\":\"WebSite\",\"@id\":\"https:\/\/www.hcms.it\/#website\",\"url\":\"https:\/\/www.hcms.it\/\",\"name\":\"Human Capital Management System (HCMS) | Alveria\",\"description\":\"Scopri come HCMS supporta le aziende nella Digital Transformation con strumenti avanzati relativi a Core HR &amp; Analytics, Comp &amp; Ben, Talent, Recruiting e Learning.\",\"potentialAction\":[{\"@type\":\"SearchAction\",\"target\":{\"@type\":\"EntryPoint\",\"urlTemplate\":\"https:\/\/www.hcms.it\/?s={search_term_string}\"},\"query-input\":{\"@type\":\"PropertyValueSpecification\",\"valueRequired\":true,\"valueName\":\"search_term_string\"}}],\"inLanguage\":\"fr-FR\"}]}<\/script>\n<!-- \/ Yoast SEO plugin. -->","yoast_head_json":{"title":"HR PLANNING - Human Capital Management System (HCMS) | Alveria","description":"D\u00e9finissez les besoins de votre entreprise en mati\u00e8re de recrutement et concevez vos ressources avec plus de pr\u00e9cision gr\u00e2ce \u00e0 HR Planning.","robots":{"index":"index","follow":"follow","max-snippet":"max-snippet:-1","max-image-preview":"max-image-preview:large","max-video-preview":"max-video-preview:-1"},"canonical":"https:\/\/www.hcms.it\/fr\/e-recruiting\/hr-planning\/","og_locale":"fr_FR","og_type":"article","og_title":"HR PLANNING - Human Capital Management System (HCMS) | Alveria","og_description":"Definisci il fabbisogno assunzionale della tua azienda e disegna le tue risorse con maggiore precisione con l'HR Planning.","og_url":"https:\/\/www.hcms.it\/fr\/e-recruiting\/hr-planning\/","og_site_name":"Human Capital Management System (HCMS) | Alveria","article_modified_time":"2025-11-12T09:47:14+00:00","og_image":[{"width":43,"height":44,"url":"https:\/\/www.hcms.it\/wp-content\/uploads\/2021\/05\/E-Recruiting_bianco.png","type":"image\/png"}],"twitter_card":"summary_large_image","twitter_misc":{"Dur\u00e9e de lecture estim\u00e9e":"3 minutes"},"schema":{"@context":"https:\/\/schema.org","@graph":[{"@type":"WebPage","@id":"https:\/\/www.hcms.it\/e-recruiting\/hr-planning\/","url":"https:\/\/www.hcms.it\/e-recruiting\/hr-planning\/","name":"HR PLANNING - Human Capital Management System (HCMS) | Alveria","isPartOf":{"@id":"https:\/\/www.hcms.it\/#website"},"primaryImageOfPage":{"@id":"https:\/\/www.hcms.it\/e-recruiting\/hr-planning\/#primaryimage"},"image":{"@id":"https:\/\/www.hcms.it\/e-recruiting\/hr-planning\/#primaryimage"},"thumbnailUrl":"https:\/\/www.hcms.it\/\/wp-content\/uploads\/2021\/05\/E-Recruiting_bianco.png","datePublished":"2023-12-07T15:53:58+00:00","dateModified":"2025-11-12T09:47:14+00:00","description":"D\u00e9finissez les besoins de votre entreprise en mati\u00e8re de recrutement et concevez vos ressources avec plus de pr\u00e9cision gr\u00e2ce \u00e0 HR Planning.","breadcrumb":{"@id":"https:\/\/www.hcms.it\/e-recruiting\/hr-planning\/#breadcrumb"},"inLanguage":"fr-FR","potentialAction":[{"@type":"ReadAction","target":["https:\/\/www.hcms.it\/e-recruiting\/hr-planning\/"]}]},{"@type":"ImageObject","inLanguage":"fr-FR","@id":"https:\/\/www.hcms.it\/e-recruiting\/hr-planning\/#primaryimage","url":"https:\/\/www.hcms.it\/\/wp-content\/uploads\/2021\/05\/E-Recruiting_bianco.png","contentUrl":"https:\/\/www.hcms.it\/\/wp-content\/uploads\/2021\/05\/E-Recruiting_bianco.png"},{"@type":"BreadcrumbList","@id":"https:\/\/www.hcms.it\/e-recruiting\/hr-planning\/#breadcrumb","itemListElement":[{"@type":"ListItem","position":1,"name":"Home","item":"https:\/\/www.hcms.it\/"},{"@type":"ListItem","position":2,"name":"E-RECRUITING","item":"https:\/\/www.hcms.it\/e-recruiting\/"},{"@type":"ListItem","position":3,"name":"HR PLANNING"}]},{"@type":"WebSite","@id":"https:\/\/www.hcms.it\/#website","url":"https:\/\/www.hcms.it\/","name":"Human Capital Management System (HCMS) | Alveria","description":"D\u00e9couvrez comment HCMS accompagne les entreprises dans la transformation digitale avec des outils avanc\u00e9s li\u00e9s \u00e0 Core HR &amp; Analytics, Comp &amp; Ben, Talent, Recruiting and Learning.","potentialAction":[{"@type":"SearchAction","target":{"@type":"EntryPoint","urlTemplate":"https:\/\/www.hcms.it\/?s={search_term_string}"},"query-input":{"@type":"PropertyValueSpecification","valueRequired":true,"valueName":"search_term_string"}}],"inLanguage":"fr-FR"}]}},"_links":{"self":[{"href":"https:\/\/www.hcms.it\/fr\/wp-json\/wp\/v2\/pages\/5735","targetHints":{"allow":["GET"]}}],"collection":[{"href":"https:\/\/www.hcms.it\/fr\/wp-json\/wp\/v2\/pages"}],"about":[{"href":"https:\/\/www.hcms.it\/fr\/wp-json\/wp\/v2\/types\/page"}],"author":[{"embeddable":true,"href":"https:\/\/www.hcms.it\/fr\/wp-json\/wp\/v2\/users\/4"}],"replies":[{"embeddable":true,"href":"https:\/\/www.hcms.it\/fr\/wp-json\/wp\/v2\/comments?post=5735"}],"version-history":[{"count":31,"href":"https:\/\/www.hcms.it\/fr\/wp-json\/wp\/v2\/pages\/5735\/revisions"}],"predecessor-version":[{"id":10179,"href":"https:\/\/www.hcms.it\/fr\/wp-json\/wp\/v2\/pages\/5735\/revisions\/10179"}],"up":[{"embeddable":true,"href":"https:\/\/www.hcms.it\/fr\/wp-json\/wp\/v2\/pages\/5712"}],"wp:attachment":[{"href":"https:\/\/www.hcms.it\/fr\/wp-json\/wp\/v2\/media?parent=5735"}],"curies":[{"name":"wp","href":"https:\/\/api.w.org\/{rel}","templated":true}]}}